{"id":16400,"date":"2021-01-28T01:39:43","date_gmt":"2021-01-28T01:39:43","guid":{"rendered":"http:\/\/herbsandtea.de\/derecho-de-desistimiento\/"},"modified":"2021-01-28T01:39:50","modified_gmt":"2021-01-28T01:39:50","slug":"derecho-de-desistimiento","status":"publish","type":"page","link":"https:\/\/herbsandtea.de\/es\/derecho-de-desistimiento\/","title":{"rendered":"Derecho de desistimiento"},"content":{"rendered":"[vc_row][vc_column][vc_column_text]\n<h2>Derecho de desistimiento de los consumidores<\/h2>\n<p>(Un consumidor es toda persona f\u00edsica que celebra un negocio jur\u00eddico con fines que no pueden atribuirse predominantemente ni a su actividad comercial ni a su actividad profesional independiente).<\/p>\n<h2>Pol\u00edtica de cancelaci\u00f3n<strong><br \/>\n<\/strong><\/h2>\n<p><strong><br \/>\n<\/strong>R\u00fccktrittsrecht<strong><br \/>\n<\/strong>Usted tiene derecho a rescindir este contrato en un plazo de catorce d\u00edas sin necesidad de indicar el motivo.<br \/>\nEl plazo de desistimiento es de catorce d\u00edas a partir de la fecha,<br \/>\n&#8211; en la que usted o un tercero nombrado por usted, que no sea el transportista, hayan tomado o tomen posesi\u00f3n de las mercanc\u00edas, si usted ha pedido una o varias mercanc\u00edas como parte de un pedido uniforme y \u00e9stas se entregan o se entregar\u00e1n de manera uniforme;<br \/>\n&#8211; en la que usted o un tercero nombrado por usted, que no sea el transportista, haya tomado posesi\u00f3n de la \u00faltima mercanc\u00eda o haya tomado posesi\u00f3n de la \u00faltima mercanc\u00eda, si usted ha pedido varias mercanc\u00edas en el marco de un pedido uniforme y \u00e9stas se entregan por separado;<\/p>\n<p>Para ejercer su derecho de desistimiento, debe informarnos (Herbs and Tea Am G\u00e4nsacker 8 72074 T\u00fcbingen, direcci\u00f3n de correo electr\u00f3nico: service@herbsandtea.de) mediante una declaraci\u00f3n clara (por ejemplo, una carta enviada por correo postal o electr\u00f3nico) de su decisi\u00f3n de desistir de este contrato.<\/p>\n<p>Para cumplir el plazo de cancelaci\u00f3n, basta con que env\u00ede la notificaci\u00f3n del ejercicio del derecho de cancelaci\u00f3n antes de que expire el plazo de cancelaci\u00f3n.<\/p>\n<p>&nbsp;<\/p>\n<h3>Consecuencias de la revocaci\u00f3n<\/h3>\n<p>&nbsp;<\/p>\n<p>Si rescinde el contrato, debemos reembolsar todos los pagos que hayamos recibido de usted, incluidos los gastos de env\u00edo (a excepci\u00f3n de los gastos adicionales resultantes del hecho de que haya elegido un tipo de env\u00edo distinto del env\u00edo est\u00e1ndar m\u00e1s barato que ofrecemos), sin demora y a m\u00e1s tardar en un plazo de catorce d\u00edas a partir del d\u00eda en que hayamos recibido la notificaci\u00f3n de su rescisi\u00f3n del contrato. Para este reembolso, utilizamos el mismo medio de pago que usted utiliz\u00f3 para la transacci\u00f3n original, a menos que se acuerde expresamente lo contrario con usted; en ning\u00fan caso se le cobrar\u00e1 por este reembolso.<\/p>\n<p>Podremos denegar el reembolso hasta que hayamos recibido la mercanc\u00eda o hasta que usted haya presentado una prueba de que la ha devuelto, lo que ocurra primero.<\/p>\n<p>Deber\u00e1 devolvernos o entregarnos los bienes inmediatamente y, en cualquier caso, en un plazo m\u00e1ximo de catorce d\u00edas a partir del d\u00eda en que nos notifique la rescisi\u00f3n del presente contrato. El plazo se cumple si env\u00eda la mercanc\u00eda antes de que expire el plazo de catorce d\u00edas.<\/p>\n<p>Usted correr\u00e1 con los gastos directos de devoluci\u00f3n de la mercanc\u00eda.<br \/>\nS\u00f3lo tiene que pagar la p\u00e9rdida de valor de la mercanc\u00eda si \u00e9sta se debe a una manipulaci\u00f3n de la misma que no es necesaria para comprobar su calidad, caracter\u00edsticas y funcionamiento.<\/p>\n<p>Motivos de exclusi\u00f3n o cese<strong><br \/>\n<\/strong><\/p>\n<h3><strong><br \/>\n<\/strong>El derecho de desistimiento no se aplica a los contratos<\/h3>\n<p>&nbsp;<\/p>\n<p>&#8211; para la entrega de bienes que no sean prefabricados y para cuya producci\u00f3n sea decisiva una selecci\u00f3n o determinaci\u00f3n individual por parte del consumidor o que est\u00e9n claramente adaptados a las necesidades personales de \u00e9ste;<br \/>\n&#8211; para la entrega de mercanc\u00edas que pueden estropearse r\u00e1pidamente o cuya fecha de caducidad se superar\u00eda r\u00e1pidamente;<strong><br \/>\n<\/strong>&#8211; para el suministro de bebidas alcoh\u00f3licas, cuyo precio se acord\u00f3 en el momento de la celebraci\u00f3n del contrato, pero que puede suministrarse como muy pronto 30 d\u00edas despu\u00e9s de la celebraci\u00f3n del contrato y cuyo valor actual depende de las fluctuaciones del mercado sobre las que el comerciante no tiene ning\u00fan control;<br \/>\n&#8211; para el suministro de diarios, publicaciones peri\u00f3dicas o revistas, a excepci\u00f3n de los contratos de suscripci\u00f3n.<strong><br \/>\n<\/strong><\/p>\n<h3><strong><br \/>\n<\/strong>El derecho de desistimiento expira prematuramente en el caso de los contratos<\/h3>\n<p>&nbsp;<\/p>\n<p>&#8211; para la entrega de bienes precintados, que no son aptos para ser devueltos por razones de protecci\u00f3n de la salud o de higiene, si su precinto ha sido retirado despu\u00e9s de la entrega;<br \/>\n&#8211; para la entrega de bienes si \u00e9stos se han mezclado inseparablemente con otros bienes despu\u00e9s de la entrega debido a su naturaleza;<br \/>\n&#8211; para la entrega de grabaciones de sonido o v\u00eddeo o de programas inform\u00e1ticos en un paquete sellado, si el sello se ha retirado despu\u00e9s de la entrega.<\/p>\n<p>&nbsp;<\/p>\n[\/vc_column_text][\/vc_column][\/vc_row]\n","protected":false},"excerpt":{"rendered":"<p>[vc_row][vc_column][vc_column_text] Derecho de desistimiento de los consumidores (Un consumidor es toda persona f\u00edsica que celebra un negocio jur\u00eddico con fines que no<\/p>\n","protected":false},"author":1,"featured_media":0,"parent":0,"menu_order":0,"comment_status":"closed","ping_status":"open","template":"","meta":[],"_links":{"self":[{"href":"https:\/\/herbsandtea.de\/es\/wp-json\/wp\/v2\/pages\/16400"}],"collection":[{"href":"https:\/\/herbsandtea.de\/es\/wp-json\/wp\/v2\/pages"}],"about":[{"href":"https:\/\/herbsandtea.de\/es\/wp-json\/wp\/v2\/types\/page"}],"author":[{"embeddable":true,"href":"https:\/\/herbsandtea.de\/es\/wp-json\/wp\/v2\/users\/1"}],"replies":[{"embeddable":true,"href":"https:\/\/herbsandtea.de\/es\/wp-json\/wp\/v2\/comments?post=16400"}],"version-history":[{"count":13,"href":"https:\/\/herbsandtea.de\/es\/wp-json\/wp\/v2\/pages\/16400\/revisions"}],"predecessor-version":[{"id":16413,"href":"https:\/\/herbsandtea.de\/es\/wp-json\/wp\/v2\/pages\/16400\/revisions\/16413"}],"wp:attachment":[{"href":"https:\/\/herbsandtea.de\/es\/wp-json\/wp\/v2\/media?parent=16400"}],"curies":[{"name":"wp","href":"https:\/\/api.w.org\/{rel}","templated":true}]}}