{"id":16173,"date":"2021-01-15T16:17:35","date_gmt":"2021-01-15T16:17:35","guid":{"rendered":"http:\/\/herbsandtea.de\/conditions-dexpedition-et-de-paiement\/"},"modified":"2021-01-15T16:17:38","modified_gmt":"2021-01-15T16:17:38","slug":"conditions-dexpedition-et-de-paiement","status":"publish","type":"page","link":"https:\/\/herbsandtea.de\/fr\/conditions-dexpedition-et-de-paiement\/","title":{"rendered":"Conditions d&#8217;exp\u00e9dition et de paiement"},"content":{"rendered":"[vc_row][vc_column][vc_column_text]\n<h2>Paiement et exp\u00e9dition<\/h2>\n<p>Les conditions suivantes s&#8217;appliquent :<\/p>\n<h2>Conditions d&#8217;exp\u00e9dition<\/h2>\n<p>Livraisons int\u00e9rieures (Allemagne) : <strong><br \/>\n<\/strong>\u00c0 partir d&#8217;une valeur de commande de 20,00 euros, nous exp\u00e9dions gratuitement en Allemagne.<br \/>\nSi la valeur de la commande est inf\u00e9rieure, des frais d&#8217;exp\u00e9dition de 4,70 euros seront factur\u00e9s.<\/p>\n<p>Livraisons \u00e0 l&#8217;\u00e9tranger :<strong><br \/> <br \/>\n<\/strong>Nous facturons les frais d&#8217;exp\u00e9dition \u00e0 l&#8217;\u00e9tranger \u00e0 un taux forfaitaire, comme indiqu\u00e9 dans nos conditions g\u00e9n\u00e9rales.<\/p>\n<p>D\u00e9lais de livraison<strong><br \/>\n<\/strong>Dans la mesure o\u00f9 aucun autre d\u00e9lai n&#8217;est indiqu\u00e9 dans l&#8217;offre correspondante, la livraison de la marchandise a lieu dans le pays (Allemagne) dans un d\u00e9lai d&#8217;environ 3 \u00e0 5 jours, les livraisons \u00e0 l&#8217;\u00e9tranger dans un d\u00e9lai d&#8217;environ 5 \u00e0 7 jours apr\u00e8s la conclusion du contrat (avec un paiement anticip\u00e9 convenu apr\u00e8s le moment de votre instruction de paiement).<br \/>\nVeuillez noter qu&#8217;il n&#8217;y a pas de livraison les dimanches et jours f\u00e9ri\u00e9s.<br \/>\nSi vous avez command\u00e9 des articles avec des d\u00e9lais de livraison diff\u00e9rents, nous exp\u00e9dierons les marchandises en un seul envoi, \u00e0 moins que nous n&#8217;ayons pris d&#8217;autres dispositions avec vous. Dans ce cas, le d\u00e9lai de livraison est d\u00e9termin\u00e9 par l&#8217;article dont le d\u00e9lai de livraison est le plus long que vous avez command\u00e9.<\/p>\n<h2>Modes de paiement accept\u00e9s<\/h2>\n<p>&#8211; Paiement anticip\u00e9 par pr\u00e9l\u00e8vement automatique<br \/>\n&#8211; Paiement par carte de cr\u00e9dit<br \/>\n&#8211; Paiement via PayPal<br \/>\n&#8211; Paiement anticip\u00e9<br \/>\n&#8211; Paiement par facturation<\/p>\n<p>Plus de d\u00e9tails sur le paiement<strong><br \/>\n<\/strong>Le paiement par facturation est possible \u00e0 partir de la 2\u00e8me commande.<br \/>\nEn cas d&#8217;acompte, le montant de la facture doit \u00eatre r\u00e9gl\u00e9 dans les 14 jours.<br \/>\nSi vous payez par carte de cr\u00e9dit, votre compte de carte de cr\u00e9dit sera d\u00e9bit\u00e9 lorsque les marchandises seront exp\u00e9di\u00e9es.<\/p>\n<p>Nos coordonn\u00e9es bancaires :<\/p>\n<p>Caisse d&#8217;\u00e9pargne de T\u00fcbingen<br \/>\nIBAN: DE21 6415 0020 0002 1319 22<br \/>\nBIC: SOLADES1TUB<\/p>\n<p><strong>Si vous avez des questions, vous trouverez nos coordonn\u00e9es dans les mentions l\u00e9gales.<\/strong><\/p>\n<p>&nbsp;[\/vc_column_text][\/vc_column][\/vc_row]\n","protected":false},"excerpt":{"rendered":"<p>[vc_row][vc_column][vc_column_text] Paiement et exp\u00e9dition Les conditions suivantes s&#8217;appliquent : Conditions d&#8217;exp\u00e9dition Livraisons int\u00e9rieures (Allemagne) : \u00c0 partir d&#8217;une valeur de commande de<\/p>\n","protected":false},"author":1,"featured_media":0,"parent":0,"menu_order":0,"comment_status":"closed","ping_status":"open","template":"","meta":[],"_links":{"self":[{"href":"https:\/\/herbsandtea.de\/fr\/wp-json\/wp\/v2\/pages\/16173"}],"collection":[{"href":"https:\/\/herbsandtea.de\/fr\/wp-json\/wp\/v2\/pages"}],"about":[{"href":"https:\/\/herbsandtea.de\/fr\/wp-json\/wp\/v2\/types\/page"}],"author":[{"embeddable":true,"href":"https:\/\/herbsandtea.de\/fr\/wp-json\/wp\/v2\/users\/1"}],"replies":[{"embeddable":true,"href":"https:\/\/herbsandtea.de\/fr\/wp-json\/wp\/v2\/comments?post=16173"}],"version-history":[{"count":12,"href":"https:\/\/herbsandtea.de\/fr\/wp-json\/wp\/v2\/pages\/16173\/revisions"}],"predecessor-version":[{"id":16187,"href":"https:\/\/herbsandtea.de\/fr\/wp-json\/wp\/v2\/pages\/16173\/revisions\/16187"}],"wp:attachment":[{"href":"https:\/\/herbsandtea.de\/fr\/wp-json\/wp\/v2\/media?parent=16173"}],"curies":[{"name":"wp","href":"https:\/\/api.w.org\/{rel}","templated":true}]}}